{"id":76,"date":"2016-05-04T14:59:48","date_gmt":"2016-05-04T12:59:48","guid":{"rendered":"http:\/\/bvbsalzbergen.de\/?page_id=76"},"modified":"2024-03-06T07:47:33","modified_gmt":"2024-03-06T06:47:33","slug":"vereinsordnung","status":"publish","type":"page","link":"https:\/\/bvbsalzbergen.de\/?page_id=76","title":{"rendered":"Vereinsordnung"},"content":{"rendered":"<p>BVB Fanclub Salzbergen<br \/>\nVereinsordnung<\/p>\n<p>\u00a7 1 Grundsatz<br \/>\nDiese Vereinsordnung ist nicht Bestandteil der Satzung. Sie regelt die Rechte und<br \/>\nVerpflichtungen der Mitglieder. Sie kann nur von der Mitgliederversammlung ge\u00e4ndert<br \/>\nwerden.<\/p>\n<p>\u00a7 2 Beitr\u00e4ge<br \/>\n1. Alle Mitglieder des Fanclubs sind beitragspflichtig, ab Vollendung des 14.<br \/>\nLebensjahres.<br \/>\n2. Die Mitgliederversammlung beschlie\u00dft die H\u00f6he des Beitrags f\u00fcr die Dauer eines<br \/>\nKalenderjahres.<br \/>\n3. Die H\u00f6he des Beitrags ist folgenderma\u00dfen festgelegt:<br \/>\na) 40,00 Euro Jahresbeitrag f\u00fcr Mitglieder ab Vollendung des 18. Lebensjahres<br \/>\nb) 20,00 Euro Jahresbeitrag f\u00fcr beitragspflichtige Mitglieder, die noch nicht<br \/>\nvollj\u00e4hrig sind<br \/>\nc) 20,00 EUR Jahresbeitrag f\u00fcr Mitglieder mit Behinderung (Dieses ist dem<br \/>\nKassenwart durch Vorlage des Behindertenausweises zu dokumentieren; auf<br \/>\nfreiwilliger Basis)<br \/>\nd) 20,00 EUR Jahresbeitrag f\u00fcr Senioren ab Vollendung des 65. Lebensjahres<br \/>\n4. Der Mitgliedsbeitrag wird zum 01. August eines Jahres, berechtigt durch eine<br \/>\nunterschriebene Einzugserm\u00e4chtigung des Fanclubmitglieds, abgebucht. Durch<br \/>\nBeschluss der Mitgliederversammlung kann auch ein anderer Termin festgelegt<br \/>\nwerden.<br \/>\n5. Es ist den Fanclubmitgliedern gegen\u00fcber transparent darzulegen, wie die<br \/>\nBeitr\u00e4ge verwendet werden.<\/p>\n<p>\u00a7 3 Eintrittskarten<br \/>\n1. Kommt ein Mitglied privat an Eintrittskarten zu Spielen von Borussia Dortmund,<br \/>\nsind diese nach Abdeckung des privaten Bedarfs den Clubmitgliedern<br \/>\nanzubieten.<br \/>\n2. Der Vorstand und der Mitarbeiterkreis haben bei Erhalt von Fanclubkarten von<br \/>\nBorussia Dortmund als erstes Anrecht auf die Karten. Dabei gilt eine Karte pro<br \/>\nPerson. Die Verteilung der zus\u00e4tzlichen Karten erfolgt unter den Mitgliedern.<br \/>\nSollte die Nachfrage der Mitglieder h\u00f6her sein als Karten zur Verf\u00fcgung stehen,<\/p>\n<p>erfolgt eine Zuteilung durch den Vorstand. F\u00fcr eine gerechte Kartenverteilung<br \/>\nwird eine Rangliste gef\u00fchrt. Eine Weitergabe von Karten an Nichtmitglieder ist mit<br \/>\neinem Mitglied des Vorstands abzusprechen.<\/p>\n<p>\u00a7 4 Clubfahrten<br \/>\n1. Die Kosten f\u00fcr das Busunternehmen werden w\u00e4hrend der Fahrt eingesammelt.<br \/>\nDiese liegen aktuell bei 10 \u20ac f\u00fcr Fanclubmitglieder und 20 \u20ac f\u00fcr Nicht-Mitglieder.<br \/>\nKinder (bis zur Vollendung des 14. Lebensjahres) von Fanclubmitgliedern<br \/>\nbezahlen f\u00fcr den Bus bei Begleitung eines Erwachsenen Fanclubmitgliedes 5 \u20ac.<br \/>\n2. Auch Nichtmitglieder k\u00f6nnen bei freien Pl\u00e4tzen den Bus nutzen. Der Vorstand<br \/>\nentscheidet im Einzelfall \u00fcber einen Zuschlag f\u00fcr Nichtmitglieder. Sollten mehr<br \/>\nAnmeldungen zur Busfahrt vorliegen, als Pl\u00e4tze vorhanden sind, werden die<br \/>\nFanclubmitglieder bevorzugt.<br \/>\n3. Bei kurzfristiger Verhinderung eines Teilnehmers sind der Eintrittspreis und die<br \/>\nKosten f\u00fcr die Busfahrt selbst zu \u00fcbernehmen.<br \/>\n4. Bei unverschuldeter Nichtwahrnehmung eines Mitgliedes (z. B. Krankheit,<br \/>\nTodesfall in der Familie oder \u00e4hnliche H\u00e4rtef\u00e4lle) entscheidet im Einzelfall der<br \/>\nVorstand \u00fcber die Finanzierung durch die Fanclubkasse, wenn das Ticket nicht<br \/>\nanderweitig ver\u00e4u\u00dfert werden kann.<\/p>\n<p>\u00a7 5 Vereinskasse<br \/>\n1. Fanclubshirts und weitere Fanclubartikel werden nur \u00fcber den Club angeschafft<br \/>\nund von der Vereinskasse bezuschusst. Im Einzelfall entscheidet der Vorstand<br \/>\n\u00fcber einen Eigenanteil der Mitglieder.<br \/>\n2. Mindestens einmal im Jahr findet eine vereinsinterne Feierlichkeit statt. Die<br \/>\nKosten werden aus der Vereinskasse finanziert. Der Vorstand entscheidet \u00fcber<br \/>\neinen eventuellen Eigenanteil der Mitglieder.<\/p>\n<p>\u00a7 6 Inkrafttreten<br \/>\nDie vorliegende Vereinsordnung wurde durch die Mitgliederversammlung am<br \/>\n02.03.2024 beschlossen. Die Vereinsordnung vom 27.02.2023 tritt au\u00dfer Kraft.<\/p>\n","protected":false},"excerpt":{"rendered":"<p>BVB Fanclub Salzbergen Vereinsordnung \u00a7 1 Grundsatz Diese Vereinsordnung ist nicht Bestandteil der Satzung. Sie regelt die Rechte und Verpflichtungen der Mitglieder. Sie kann nur von der Mitgliederversammlung ge\u00e4ndert werden. [&hellip;]<\/p>\n","protected":false},"author":2,"featured_media":0,"parent":19,"menu_order":4,"comment_status":"closed","ping_status":"closed","template":"","meta":{"jetpack_post_was_ever_published":false,"footnotes":""},"class_list":["post-76","page","type-page","status-publish","hentry","clearfix"],"jetpack_sharing_enabled":true,"jetpack_shortlink":"https:\/\/wp.me\/P7lj6g-1e","_links":{"self":[{"href":"https:\/\/bvbsalzbergen.de\/index.php?rest_route=\/wp\/v2\/pages\/76","targetHints":{"allow":["GET"]}}],"collection":[{"href":"https:\/\/bvbsalzbergen.de\/index.php?rest_route=\/wp\/v2\/pages"}],"about":[{"href":"https:\/\/bvbsalzbergen.de\/index.php?rest_route=\/wp\/v2\/types\/page"}],"author":[{"embeddable":true,"href":"https:\/\/bvbsalzbergen.de\/index.php?rest_route=\/wp\/v2\/users\/2"}],"replies":[{"embeddable":true,"href":"https:\/\/bvbsalzbergen.de\/index.php?rest_route=%2Fwp%2Fv2%2Fcomments&post=76"}],"version-history":[{"count":7,"href":"https:\/\/bvbsalzbergen.de\/index.php?rest_route=\/wp\/v2\/pages\/76\/revisions"}],"predecessor-version":[{"id":1613,"href":"https:\/\/bvbsalzbergen.de\/index.php?rest_route=\/wp\/v2\/pages\/76\/revisions\/1613"}],"up":[{"embeddable":true,"href":"https:\/\/bvbsalzbergen.de\/index.php?rest_route=\/wp\/v2\/pages\/19"}],"wp:attachment":[{"href":"https:\/\/bvbsalzbergen.de\/index.php?rest_route=%2Fwp%2Fv2%2Fmedia&parent=76"}],"curies":[{"name":"wp","href":"https:\/\/api.w.org\/{rel}","templated":true}]}}