{"id":72,"date":"2016-05-04T14:47:39","date_gmt":"2016-05-04T12:47:39","guid":{"rendered":"http:\/\/bvbsalzbergen.de\/?page_id=72"},"modified":"2022-02-14T07:31:22","modified_gmt":"2022-02-14T06:31:22","slug":"mitgliedschaft","status":"publish","type":"page","link":"https:\/\/bvbsalzbergen.de\/?page_id=72","title":{"rendered":"Satzung"},"content":{"rendered":"<p><b>BVB Fanclub Salzbergen e.V.<\/b><\/p>\n<p><b>\u00a0 \u00a0 \u00a0 \u00a0 \u00a0 \u00a0 S A T Z U N G<\/b><\/p>\n<ul>\n<li><b> 1 \u00a0 Name und Sitz<\/b><\/li>\n<\/ul>\n<ol>\n<li style=\"font-weight: 400;\" aria-level=\"1\"><span style=\"font-weight: 400;\">Der Fanclub f\u00fchrt den Namen \u201eBVB Fanclub Salzbergen\u201c.<\/span><\/li>\n<li style=\"font-weight: 400;\" aria-level=\"1\"><span style=\"font-weight: 400;\">Der Fanclub soll in das Vereinsregister eingetragen werden. Der Fanclubname tr\u00e4gt dann den Zusatz \u201ee. V.\u201c<\/span><\/li>\n<li style=\"font-weight: 400;\" aria-level=\"1\"><span style=\"font-weight: 400;\">Der Sitz des Fanclubs ist Salzbergen, Landkreis Emsland.<\/span><\/li>\n<\/ol>\n<ul>\n<li><b> 2 \u00a0 Gesch\u00e4ftsjahr<\/b><\/li>\n<\/ul>\n<p><span style=\"font-weight: 400;\">\u00a0 \u00a0 \u00a0 \u00a0 \u00a0 \u00a0Das Gesch\u00e4ftsjahr des Fanclubs beginnt am 1.Januar<\/span> <span style=\"font-weight: 400;\">und endet mit dem 31.<\/span> <span style=\"font-weight: 400;\">Dezember<\/span> <span style=\"font-weight: 400;\">eines Jahres.<\/span><\/p>\n<ul>\n<li><b> 3 \u00a0 Ziel und Zweck<\/b><\/li>\n<\/ul>\n<ol>\n<li style=\"font-weight: 400;\" aria-level=\"1\"><span style=\"font-weight: 400;\">Der Fanclubzweck bzw. das Ziel wird insbesondere verwirklicht durch:<\/span><\/li>\n<\/ol>\n<ol>\n<li style=\"font-weight: 400;\" aria-level=\"1\"><span style=\"font-weight: 400;\">die F\u00f6rderung und Erhaltung des Bundesligafu\u00dfballs sowie die M\u00f6glichkeit, Jugendlichen und Erwachsenen Einblicke in den Fu\u00dfballsport zu gew\u00e4hren;<\/span><\/li>\n<li style=\"font-weight: 400;\" aria-level=\"1\"><span style=\"font-weight: 400;\">die Organisation und Durchf\u00fchrung von Fu\u00dfballfahrten zu Heim- und Ausw\u00e4rtsspielen von Borussia Dortmund, an denen auch Personen teilnehmen sollen und d\u00fcrfen, die nicht Mitglied im Fanclub sind; dadurch soll gleichzeitig im Sinne des Fair-Play der Kontakt und das Verst\u00e4ndnis zu Anh\u00e4ngern und Fanclubs anderer Vereine hergestellt und gef\u00f6rdert werden;<\/span><\/li>\n<li style=\"font-weight: 400;\" aria-level=\"1\"><span style=\"font-weight: 400;\">die Durchf\u00fchrung und F\u00f6rderung von Veranstaltungen und Projekten, die sich f\u00fcr die Integration ausl\u00e4ndischer Mitb\u00fcrger\/innen, f\u00fcr V\u00f6lkerverst\u00e4ndigung und Toleranz sowie gegen Rassismus, Diskriminierung und Gewalt einsetzen wie z. B. zum Thema \u201eRassismus und Diskriminierung im Fu\u00dfball\u201c;<\/span><\/li>\n<li style=\"font-weight: 400;\" aria-level=\"1\"><span style=\"font-weight: 400;\">die F\u00f6rderung und Umsetzung von Ma\u00dfnahmen, dass Menschen mit Beeintr\u00e4chtigungen ihren Platz inmitten der Gesellschaft einnehmen k\u00f6nnen, dabei erm\u00f6glicht der Fanclub bspw., dass Menschen mit Beeintr\u00e4chtigungen vollst\u00e4ndig am Fanclubleben teilnehmen k\u00f6nnen;<\/span><\/li>\n<li style=\"font-weight: 400;\" aria-level=\"1\"><span style=\"font-weight: 400;\">die F\u00f6rderung und Pflege der Gemeinschaft und des kulturellen Lebens durch Veranstaltungen im kulturellen Bereich.<\/span><\/li>\n<\/ol>\n<ol>\n<li style=\"font-weight: 400;\" aria-level=\"1\"><span style=\"font-weight: 400;\">Der Fanclub ist selbstlos t\u00e4tig; er verfolgt nicht in erster Linie eigenwirtschaftliche Zwecke.<\/span><\/li>\n<li style=\"font-weight: 400;\" aria-level=\"1\"><span style=\"font-weight: 400;\">Mittel des Fanclubs werden nur f\u00fcr die satzungsm\u00e4\u00dfigen Zwecke verwendet. Die Mitglieder erhalten keine Zuwendungen aus Mitteln des Fanclubs.<\/span><\/li>\n<li style=\"font-weight: 400;\" aria-level=\"1\"><span style=\"font-weight: 400;\">Es darf keine Person durch Ausgaben, die dem Zweck der K\u00f6rperschaft fremd sind, oder durch unverh\u00e4ltnism\u00e4\u00dfig hohe Verg\u00fctungen beg\u00fcnstigt werden.<\/span><\/li>\n<\/ol>\n<ul>\n<li><b> 4 \u00a0 Rechtsgrundlagen<\/b><\/li>\n<\/ul>\n<p><span style=\"font-weight: 400;\">\u00a0 \u00a0 \u00a0 \u00a0 Die Rechte und Pflichten der Mitglieder sowie aller Organe des Fanclubs werden durch die vorliegende Satzung geregelt.<\/span><\/p>\n<ul>\n<li><b> 5 \u00a0 Erwerb der Mitgliedschaft<\/b><\/li>\n<\/ul>\n<ol>\n<li style=\"font-weight: 400;\" aria-level=\"1\"><span style=\"font-weight: 400;\">Mitglied des Fanclubs kann jede nat\u00fcrliche Person werden.<\/span><\/li>\n<li style=\"font-weight: 400;\" aria-level=\"1\"><span style=\"font-weight: 400;\">Die Mitgliedschaft kann durch einen schriftlichen Aufnahmeantrag in Form des Vordruckes \u201eBeitrittserkl\u00e4rung\u201c erworben werden.<\/span><\/li>\n<li style=\"font-weight: 400;\" aria-level=\"1\"><span style=\"font-weight: 400;\">Bei minderj\u00e4hrigen Personen ist die schriftliche Zustimmung der gesetzlichen Vertreter erforderlich.<\/span><\/li>\n<li style=\"font-weight: 400;\" aria-level=\"1\"><span style=\"font-weight: 400;\">\u00dcber die Aufnahme entscheidet der Vorstand.<\/span><\/li>\n<\/ol>\n<ul>\n<li><b> 6 \u00a0 Beendigung der Mitgliedschaft<\/b><\/li>\n<\/ul>\n<ol>\n<li style=\"font-weight: 400;\" aria-level=\"1\"><span style=\"font-weight: 400;\">Die Mitgliedschaft erlischt durch Austritt, Tod, Ausschluss oder Aufl\u00f6sung des Fanclubs.<\/span><\/li>\n<li style=\"font-weight: 400;\" aria-level=\"1\"><span style=\"font-weight: 400;\">Die Austrittserkl\u00e4rung ist schriftlich, mit dreimonatiger K\u00fcndigungsfrist zum 31. Juli eines Jahres (sp\u00e4testens am 30.04.), an den gesch\u00e4ftsf\u00fchrenden Vorstand zu richten.\u00a0<\/span><\/li>\n<li style=\"font-weight: 400;\" aria-level=\"1\"><span style=\"font-weight: 400;\">Ein Mitglied kann, nach vorheriger Anh\u00f6rung, vom gesch\u00e4ftsf\u00fchrenden Vorstand aus dem Fanclub ausgeschlossen werden:<\/span><\/li>\n<\/ol>\n<ol>\n<li style=\"font-weight: 400;\" aria-level=\"1\"><span style=\"font-weight: 400;\">wegen Nichterf\u00fcllung satzungsm\u00e4\u00dfiger Verpflichtungen oder Missachtung von Anordnungen der Organe des Fanclubs;<\/span><\/li>\n<li style=\"font-weight: 400;\" aria-level=\"1\"><span style=\"font-weight: 400;\">wegen eines schweren Versto\u00dfes gegen die Interessen des Fanclubs oder groben unsportlichen Verhaltens;<\/span><\/li>\n<li style=\"font-weight: 400;\" aria-level=\"1\"><span style=\"font-weight: 400;\">wegen Nichtzahlung von Beitr\u00e4gen trotz Mahnung.<\/span><\/li>\n<\/ol>\n<ol>\n<li style=\"font-weight: 400;\" aria-level=\"1\"><span style=\"font-weight: 400;\">Auf eine R\u00fcckerstattung der bezahlten Beitr\u00e4ge besteht kein Anrecht.<\/span><\/li>\n<\/ol>\n<ul>\n<li><b> 7 \u00a0 Beitr\u00e4ge<\/b><\/li>\n<\/ul>\n<p><span style=\"font-weight: 400;\">\u00a0 \u00a0 \u00a0 \u00a0 \u00a0 \u00a0 Die Mitglieder sind verpflichtet, Mitgliedsbeitr\u00e4ge zu leisten. Die Erhebung der Beitr\u00e4ge und deren H\u00f6he werden durch die<br \/>\nVereinsordnung geregelt.<\/span><\/p>\n<ul>\n<li><b> 8 \u00a0 Stimmrecht<\/b><\/li>\n<\/ul>\n<ol>\n<li style=\"font-weight: 400;\" aria-level=\"1\"><span style=\"font-weight: 400;\">Stimmberechtigt sind alle Mitglieder vom vollendeten 16. Lebensjahr an, die mindestens seit drei Monaten dem Fanclub angeh\u00f6ren.<\/span><\/li>\n<li style=\"font-weight: 400;\" aria-level=\"1\"><span style=\"font-weight: 400;\">J\u00fcngere Mitglieder k\u00f6nnen w\u00e4hrend den Abstimmungen an der Mitgliederversammlung teilnehmen, haben jedoch kein eigenes Stimmrecht.<\/span><\/li>\n<li style=\"font-weight: 400;\" aria-level=\"1\"><span style=\"font-weight: 400;\">Alle stimmberechtigten Mitglieder haben bei Abstimmung jeweils nur eine Stimme. Es haben nur die Stimmen der pers\u00f6nlich anwesenden stimmberechtigten Mitglieder G\u00fcltigkeit.<\/span><\/li>\n<li style=\"font-weight: 400;\" aria-level=\"1\"><span style=\"font-weight: 400;\">Bei Abstimmungen des gesch\u00e4ftsf\u00fchrenden Vorstandes besitzt jedes Vorstandsmitglied jeweils nur eine Stimme. Es besteht kein Vetorecht des 1. Vorsitzenden.<\/span><\/li>\n<\/ol>\n<ul>\n<li><b> 9 \u00a0 W\u00e4hlbarkeit<\/b><\/li>\n<\/ul>\n<ol>\n<li style=\"font-weight: 400;\" aria-level=\"1\"><span style=\"font-weight: 400;\">Als Vorstandsmitglieder sind alle Mitglieder vom vollendeten 18. Lebensjahr an w\u00e4hlbar.<\/span><\/li>\n<li style=\"font-weight: 400;\" aria-level=\"1\"><span style=\"font-weight: 400;\">Es k\u00f6nnen nur Mitglieder zur Wahl vorgeschlagen werden, die stimmberechtigt sind (siehe \u00a7 8, 1 \u2013 4) und mindestens seit drei Monaten Mitglied im Fanclub sind.<\/span><\/li>\n<\/ol>\n<ul>\n<li><b> 10 \u00a0 Ma\u00dfregelungen<\/b><\/li>\n<\/ul>\n<ol>\n<li style=\"font-weight: 400;\" aria-level=\"1\"><span style=\"font-weight: 400;\">Gegen Mitglieder, die gegen die Satzung oder gegen Anordnungen der Fanclub-Organe versto\u00dfen, k\u00f6nnen nach vorheriger Anh\u00f6rung von dem gesch\u00e4ftsf\u00fchrenden Vorstand folgende Ma\u00dfnahmen verh\u00e4ngt werden:<\/span><\/li>\n<\/ol>\n<ol>\n<li style=\"font-weight: 400;\" aria-level=\"1\"><span style=\"font-weight: 400;\">schriftliche Ermahnung (Verweis)<\/span><\/li>\n<li style=\"font-weight: 400;\" aria-level=\"1\"><span style=\"font-weight: 400;\">zeitlich begrenztes Verbot der Teilnahme an den gesellschaftlichen und kulturellen Veranstaltungen<\/span><\/li>\n<\/ol>\n<ol>\n<li style=\"font-weight: 400;\" aria-level=\"1\"><span style=\"font-weight: 400;\">Ma\u00dfregelungen sind mit Begr\u00fcndung auszusprechen.<\/span><\/li>\n<\/ol>\n<ul>\n<li><b> 11 \u00a0 Mitgliederversammlungen<\/b><\/li>\n<\/ul>\n<ol>\n<li style=\"font-weight: 400;\" aria-level=\"1\"><span style=\"font-weight: 400;\">Oberstes Organ des Fanclubs ist die Mitgliederversammlung.<\/span><\/li>\n<li style=\"font-weight: 400;\" aria-level=\"1\"><span style=\"font-weight: 400;\">Eine ordentliche Mitgliederversammlung soll einmal in jedem Jahr stattfinden.<\/span><\/li>\n<li style=\"font-weight: 400;\" aria-level=\"1\"><span style=\"font-weight: 400;\">Eine au\u00dferordentliche Mitgliederversammlung ist innerhalb einer Frist von drei Wochen mit entsprechender Tagesordnung einzuberufen, wenn es<\/span><\/li>\n<\/ol>\n<ol>\n<li style=\"font-weight: 400;\" aria-level=\"1\"><span style=\"font-weight: 400;\">der Gesamtvorstand beschlie\u00dft,<\/span><\/li>\n<li style=\"font-weight: 400;\" aria-level=\"1\"><span style=\"font-weight: 400;\">10 % der stimmberechtigten Mitglieder, im Sinne des \u00a7 8, 1-4, schriftlich beim Vorsitzenden beantragt haben.<\/span><\/li>\n<\/ol>\n<ol>\n<li style=\"font-weight: 400;\" aria-level=\"1\"><span style=\"font-weight: 400;\">Die Einberufung der Mitgliederversammlung erfolgt durch den gesch\u00e4ftsf\u00fchrenden Vorstand -bei dessen Verhinderung durch ein anderes vertretungsberechtigtes Vorstandsmitglied- unter Angabe der Tagesordnung durch Bekanntgabe auf der Homepage und eine pers\u00f6nliche E-Mail an jedes Mitglied.<\/span><\/li>\n<li style=\"font-weight: 400;\" aria-level=\"1\"><span style=\"font-weight: 400;\">Zwischen dem Tag der Einladung und dem Termin der Versammlung muss eine Frist von mindestens drei Wochen liegen.<\/span><\/li>\n<li style=\"font-weight: 400;\" aria-level=\"1\"><span style=\"font-weight: 400;\">Mit der Einladung zur ordentlichen Mitgliederversammlung ist die Tagesordnung mitzuteilen. Diese muss folgende Punkte beinhalten:<\/span><\/li>\n<\/ol>\n<ol>\n<li style=\"font-weight: 400;\" aria-level=\"1\"><span style=\"font-weight: 400;\">Entgegennahme der Berichte<\/span><\/li>\n<li style=\"font-weight: 400;\" aria-level=\"1\"><span style=\"font-weight: 400;\">Kassenbericht und Bericht der Kassenpr\u00fcfer\/innen<\/span><\/li>\n<li style=\"font-weight: 400;\" aria-level=\"1\"><span style=\"font-weight: 400;\">Entlastung des Gesamtvorstandes<\/span><\/li>\n<li style=\"font-weight: 400;\" aria-level=\"1\"><span style=\"font-weight: 400;\">Wahlen, soweit diese erforderlich sind<\/span><\/li>\n<li style=\"font-weight: 400;\" aria-level=\"1\"><span style=\"font-weight: 400;\">Beschlussfassung \u00fcber vorliegende Antr\u00e4ge<\/span><\/li>\n<li style=\"font-weight: 400;\" aria-level=\"1\"><span style=\"font-weight: 400;\">Verschiedenes<\/span><\/li>\n<\/ol>\n<ol>\n<li style=\"font-weight: 400;\" aria-level=\"1\"><span style=\"font-weight: 400;\">Die Teilnahme an der Mitgliederversammlung ist f\u00fcr alle Mitglieder Ehrensache.<\/span><\/li>\n<li style=\"font-weight: 400;\" aria-level=\"1\"><span style=\"font-weight: 400;\">Die Mitgliederversammlungen sind ohne R\u00fccksicht auf die Zahl der erschienenen Mitglieder beschlussf\u00e4hig.<\/span><\/li>\n<li style=\"font-weight: 400;\" aria-level=\"1\"><span style=\"font-weight: 400;\">Satzungs\u00e4nderungen und Wahlen werden nur bei der Mitgliederversammlung durchgef\u00fchrt.\u00a0<\/span><\/li>\n<li style=\"font-weight: 400;\" aria-level=\"1\"><span style=\"font-weight: 400;\">Die Beschl\u00fcsse werden mit einfacher Mehrheit der anwesenden stimmberechtigten Mitglieder gefasst. Bei Stimmengleichheit gilt ein Antrag als abgelehnt. Enthaltungen zerfallen und haben bei der Stimmenausz\u00e4hlung keine G\u00fcltigkeit, sie haben auf Antragsannahme oder -ablehnung keine Auswirkung.<\/span><\/li>\n<li style=\"font-weight: 400;\" aria-level=\"1\"><span style=\"font-weight: 400;\">Satzungs\u00e4nderungen k\u00f6nnen nur mit einer Mehrheit von zwei Dritteln der erschienenen stimmberechtigten Mitglieder beschlossen werden.<\/span><\/li>\n<li style=\"font-weight: 400;\" aria-level=\"1\"><span style=\"font-weight: 400;\">\u00dcber Antr\u00e4ge, die nicht in der Tagesordnung verzeichnet sind, kann in der Mitgliederversammlung nur abgestimmt werden, wenn diese Antr\u00e4ge mindestens zwei Wochen vor der Versammlung schriftlich beim Vorsitzenden des Fanclubs eingegangen sind und den Mitgliedern mindestens eine Woche vorher zur Kenntnis gebracht wurden.<\/span><\/li>\n<li style=\"font-weight: 400;\" aria-level=\"1\"><span style=\"font-weight: 400;\">Dringlichkeitsantr\u00e4ge d\u00fcrfen nur behandelt werden, wenn die Mitgliederversammlung mit einer Zweidrittelmehrheit beschlie\u00dft, dass sie als Tagesordnungspunkte aufgenommen werden. Ein Dringlichkeitsantrag auf Satzungs\u00e4nderung bedarf der Einstimmigkeit.<\/span><\/li>\n<li style=\"font-weight: 400;\" aria-level=\"1\"><span style=\"font-weight: 400;\">Dem Antrag eines Mitgliedes auf geheime Abstimmung muss entsprochen werden.<\/span><\/li>\n<li style=\"font-weight: 400;\" aria-level=\"1\"><span style=\"font-weight: 400;\">Bei Versammlungen hat beim offiziellen Teil der Vorsitzende die Diskussionsleitung.<\/span><\/li>\n<li style=\"font-weight: 400;\" aria-level=\"1\"><span style=\"font-weight: 400;\">Vorschl\u00e4ge aller Art sind sehr willkommen.<\/span><\/li>\n<\/ol>\n<ul>\n<li><b> 12 \u00a0 Vorstand<\/b><\/li>\n<\/ul>\n<ol>\n<li style=\"font-weight: 400;\" aria-level=\"1\"><span style=\"font-weight: 400;\">Der Vorstand besteht aus:<\/span><\/li>\n<\/ol>\n<ol>\n<li style=\"font-weight: 400;\" aria-level=\"1\"><span style=\"font-weight: 400;\">1. Vorsitzende\/r;\u00a0<\/span><\/li>\n<li style=\"font-weight: 400;\" aria-level=\"1\"><span style=\"font-weight: 400;\">2. Vorsitzende\/r;\u00a0<\/span><\/li>\n<li style=\"font-weight: 400;\" aria-level=\"1\"><span style=\"font-weight: 400;\">Kassenwart und\u00a0<\/span><\/li>\n<li style=\"font-weight: 400;\" aria-level=\"1\"><span style=\"font-weight: 400;\">Schriftf\u00fchrer\/in.<\/span><\/li>\n<\/ol>\n<ol>\n<li style=\"font-weight: 400;\" aria-level=\"1\"><span style=\"font-weight: 400;\">Der 1. Vorsitzende beruft und leitet die Sitzungen des Vorstandes. Der gesamte Vorstand tritt zusammen, wenn es das Vereinsinteresse erfordert.<\/span><\/li>\n<li style=\"font-weight: 400;\" aria-level=\"1\"><span style=\"font-weight: 400;\">Bei Ausscheiden eines Vorstandsmitgliedes ist der Vorstand berechtigt, ein neues Mitglied kommissarisch bis zur n\u00e4chsten Wahl zu berufen.<\/span><\/li>\n<li style=\"font-weight: 400;\" aria-level=\"1\"><span style=\"font-weight: 400;\">Zu den Aufgaben des Vorstandes geh\u00f6ren insbesondere die Durchf\u00fchrung der Beschl\u00fcsse der Mitglieder der Mitgliederversammlungen und die Behandlung von Anregungen des Mitarbeiterkreises.<\/span><\/li>\n<li style=\"font-weight: 400;\" aria-level=\"1\"><span style=\"font-weight: 400;\">Der Vorstand ist f\u00fcr Aufgaben zust\u00e4ndig, die auf Grund ihrer Dringlichkeit einer schnellen Erledigung bed\u00fcrfen.<\/span><\/li>\n<li style=\"font-weight: 400;\" aria-level=\"1\"><span style=\"font-weight: 400;\">Der Vorsitzende, sein Stellvertreter und der Schriftf\u00fchrer sowie der Kassenwart haben das Recht, an allen Sitzungen der Aussch\u00fcsse beratend teilzunehmen.<\/span><\/li>\n<li style=\"font-weight: 400;\" aria-level=\"1\"><span style=\"font-weight: 400;\">Der Verein wird vertreten, jeweils durch 2 Mitglieder des Vorstandes, von denen zumindest einer der 1. oder 2. Vorsitzende sein muss.<\/span><\/li>\n<\/ol>\n<ul>\n<li><b> 13 \u00a0 Mitarbeiterkreis<\/b><\/li>\n<\/ul>\n<ol>\n<li style=\"font-weight: 400;\" aria-level=\"1\"><span style=\"font-weight: 400;\">Zum Mitarbeiterkreis geh\u00f6ren:<\/span><\/li>\n<\/ol>\n<ol>\n<li style=\"font-weight: 400;\" aria-level=\"1\"><span style=\"font-weight: 400;\">die Mitglieder des Vorstandes<\/span><\/li>\n<li style=\"font-weight: 400;\" aria-level=\"1\"><span style=\"font-weight: 400;\">Kassenpr\u00fcfer\/innen<\/span><\/li>\n<li style=\"font-weight: 400;\" aria-level=\"1\"><span style=\"font-weight: 400;\">Webadministrator\/in<\/span><\/li>\n<li style=\"font-weight: 400;\" aria-level=\"1\"><span style=\"font-weight: 400;\">Weitere durch den Vorstand bestimmte Mitarbeiter\/innen oder \u00c4mter<\/span><\/li>\n<\/ol>\n<ol>\n<li style=\"font-weight: 400;\" aria-level=\"1\"><span style=\"font-weight: 400;\">Die Sitzungen des Mitarbeiterkreises leitet der 1. Vorsitzende.<\/span><\/li>\n<li style=\"font-weight: 400;\" aria-level=\"1\"><span style=\"font-weight: 400;\">Der Mitarbeiterkreis soll gew\u00e4hrleisten, dass alle im Fanclub t\u00e4tigen Mitarbeiter laufend \u00fcber alle Geschehnisse im Fanclub informiert werden. Er hat die Aufgabe, bei allen besonderen Ma\u00dfnahmen und Vorhaben des Fanclubs beratend mitzuwirken.<\/span><\/li>\n<\/ol>\n<ul>\n<li><b> 14 \u00a0 Aussch\u00fcsse<\/b><\/li>\n<\/ul>\n<ol>\n<li style=\"font-weight: 400;\" aria-level=\"1\"><span style=\"font-weight: 400;\">Der Vorstand kann bei Bedarf f\u00fcr Veranstaltungen und sonstige gemeinn\u00fctzige Projekte Aussch\u00fcsse bilden, deren Mitglieder er beruft.<\/span><\/li>\n<li style=\"font-weight: 400;\" aria-level=\"1\"><span style=\"font-weight: 400;\">Die Sitzungen der Aussch\u00fcsse erfolgen nach Bedarf und werden durch den Vorstand im Auftrage des zust\u00e4ndigen Leiters einberufen.<\/span><\/li>\n<\/ol>\n<ul>\n<li><b> 15 \u00a0 Niederschrift<\/b><\/li>\n<\/ul>\n<ol>\n<li style=\"font-weight: 400;\" aria-level=\"1\"><span style=\"font-weight: 400;\">\u00dcber jede Mitgliederversammlung sowie \u00fcber die Sitzungen der Aussch\u00fcsse ist ein Protokoll anzufertigen.<\/span><\/li>\n<li style=\"font-weight: 400;\" aria-level=\"1\"><span style=\"font-weight: 400;\">Der Schriftf\u00fchrer fertigt das Protokoll. Bei Abwesenheit des Schriftf\u00fchrers bestimmt der Versammlungsleiter einen Protokollf\u00fchrer.<\/span><\/li>\n<\/ol>\n<ul>\n<li><b> 16 \u00a0 Wahlen<\/b><\/li>\n<\/ul>\n<ol>\n<li style=\"font-weight: 400;\" aria-level=\"1\"><span style=\"font-weight: 400;\">Die Mitglieder des gesch\u00e4ftsf\u00fchrenden Vorstandes und des Mitarbeiterkreises werden f\u00fcr die Dauer von einem Jahr gew\u00e4hlt.<\/span><\/li>\n<li style=\"font-weight: 400;\" aria-level=\"1\"><span style=\"font-weight: 400;\">Die Kassenpr\u00fcfer werden f\u00fcr zwei Jahre gew\u00e4hlt und d\u00fcrfen keine Verwandten 1. oder 2. Grades zu den Vorsitzenden und zum Kassenwart sein. Sie sind gegen\u00fcber dem Vorstand und den Mitgliedern loyal.<\/span><\/li>\n<li style=\"font-weight: 400;\" aria-level=\"1\"><span style=\"font-weight: 400;\">Alle gew\u00e4hlten Personen bleiben solange im Amt, bis der Nachfolger gew\u00e4hlt ist.<\/span><\/li>\n<li style=\"font-weight: 400;\" aria-level=\"1\"><span style=\"font-weight: 400;\">Eine Wiederwahl ist zul\u00e4ssig und unterliegt keiner Einschr\u00e4nkung im Bezug auf die Anzahl.<\/span><\/li>\n<\/ol>\n<ul>\n<li><b> 17 \u00a0 Kassenpr\u00fcfer<\/b><\/li>\n<\/ul>\n<ol>\n<li style=\"font-weight: 400;\" aria-level=\"1\"><span style=\"font-weight: 400;\">Die Kasse des Fanclubs wird in jedem Jahr durch zwei von der Mitgliederversammlung bestimmte Kassenpr\u00fcfer gepr\u00fcft.<\/span><\/li>\n<li style=\"font-weight: 400;\" aria-level=\"1\"><span style=\"font-weight: 400;\">Die Kassenpr\u00fcfer erstatten der Mitgliederversammlung einen Pr\u00fcfbericht und beantragen bei ordnungsgem\u00e4\u00dfer F\u00fchrung der Kassengesch\u00e4fte die Entlastung des Vorstands.<\/span><\/li>\n<li style=\"font-weight: 400;\" aria-level=\"1\"><span style=\"font-weight: 400;\">Der Pr\u00fcfbericht darf von jedem Mitglied eingesehen werden.<\/span><\/li>\n<\/ol>\n<ul>\n<li><b> 18 \u00a0 Aufl\u00f6sung des Fanclubs<\/b><\/li>\n<\/ul>\n<ol>\n<li style=\"font-weight: 400;\" aria-level=\"1\"><span style=\"font-weight: 400;\">Die Aufl\u00f6sung des Fanclubs kann nur in einer zu diesem Zwecke einberufenen au\u00dferordentlichen Mitgliederversammlung beschlossen werden.<\/span><\/li>\n<li style=\"font-weight: 400;\" aria-level=\"1\"><span style=\"font-weight: 400;\">Die Einberufung einer solchen Versammlung darf nur erfolgen, wenn es<\/span><\/li>\n<\/ol>\n<ol>\n<li style=\"font-weight: 400;\" aria-level=\"1\"><span style=\"font-weight: 400;\">der gesch\u00e4ftsf\u00fchrende Vorstand mit einer Mehrheit von drei Vierteln aller seiner Mitglieder beschlossen hat oder<\/span><\/li>\n<li style=\"font-weight: 400;\" aria-level=\"1\"><span style=\"font-weight: 400;\">von zwei Dritteln der stimmberechtigten Mitglieder des Fanclubs schriftlich gefordert wurde.<\/span><\/li>\n<li style=\"font-weight: 400;\" aria-level=\"1\"><span style=\"font-weight: 400;\">Die Versammlung ist beschlussf\u00e4hig, wenn mindestens die H\u00e4lfte der stimmberechtigten Mitglieder anwesend ist. Die Aufl\u00f6sung kann nur mit einer Mehrheit von drei Vierteln der erschienenen stimmberechtigten Mitglieder beschlossen werden. Die Abstimmung ist namentlich vorzunehmen.<\/span><\/li>\n<li style=\"font-weight: 400;\" aria-level=\"1\"><span style=\"font-weight: 400;\">Sollten bei der ersten Versammlung weniger als die H\u00e4lfte der stimmberechtigten Mitglieder anwesend sein, ist eine zweite Versammlung einzuberufen. Die zweite Versammlung ist dann mit einer einfachen Mehrheit der anwesenden stimmberechtigten Mitglieder beschlussf\u00e4hig.<\/span><\/li>\n<li style=\"font-weight: 400;\" aria-level=\"1\"><span style=\"font-weight: 400;\">Bei Aufl\u00f6sung oder Aufhebung des Fanclubs oder bei Wegfall steuerbeg\u00fcnstigter Zwecke f\u00e4llt sein Verm\u00f6gen nach Begleichen eventueller Verbindlichkeiten an die \u201eIntegrationsgruppe TABALUGA der Kath. Kirchengemeinde Salzbergen\u201c, die es unmittelbar und ausschlie\u00dflich f\u00fcr gemeinn\u00fctzige oder mildt\u00e4tige Zwecke zu verwenden hat.<\/span><\/li>\n<\/ol>\n<ul>\n<li><b> 19 \u00a0 Inkrafttreten<\/b><\/li>\n<\/ul>\n<p><span style=\"font-weight: 400;\">\u00a0 \u00a0 \u00a0 \u00a0 \u00a0 \u00a0 \u00a0 Diese Satzung tritt mit dem Tage der Eintragung in das Vereinsregister in Kraft. Die vorstehende Satzung wurde durch die<br \/>\nGr\u00fcndungsversammlung am 18.04.2016 beschlossen.<\/span><\/p>\n<p><span style=\"font-weight: 400;\">Salzbergen, den 04.09.2021<\/span><\/p>\n<p><span style=\"font-weight: 400;\">\u00a0\u00a0\u00a0\u00a0\u00a0Frank Wagemaker<\/span> <span style=\"font-weight: 400;\">\u00a0 \u00a0 \u00a0 \u00a0 \u00a0 \u00a0 \u00a0 \u00a0 \u00a0 \u00a0 \u00a0 \u00a0 \u00a0 \u00a0 \u00a0 \u00a0 \u00a0 \u00a0 \u00a0 \u00a0 \u00a0 \u00a0 \u00a0 \u00a0 \u00a0 \u00a0Thomas Horstkamp<\/span><\/p>\n<p><span style=\"font-weight: 400;\">&#8230;&#8230;&#8230;&#8230;&#8230;&#8230;&#8230;&#8230;&#8230;&#8230;&#8230;&#8230;&#8230;&#8230;&#8230;.. \u00a0 \u00a0 \u00a0 \u00a0 \u00a0 \u00a0 \u00a0 \u00a0 \u00a0 \u00a0 \u00a0 \u00a0 \u00a0 \u00a0 \u00a0 \u00a0 \u00a0 \u00a0 &#8230;&#8230;&#8230;&#8230;&#8230;&#8230;&#8230;&#8230;&#8230;&#8230;&#8230;&#8230;&#8230;&#8230;..<\/span><\/p>\n<ol>\n<li><span style=\"font-weight: 400;\"> Vorsitzender\u00a0 \u00a0 \u00a0 \u00a0 \u00a0 \u00a0 \u00a0 \u00a0 \u00a0 \u00a0 \u00a0 \u00a0 \u00a0 \u00a0 \u00a0 \u00a0 \u00a0 \u00a0 \u00a0 \u00a0 \u00a0 \u00a0 \u00a0 \u00a0 \u00a0 \u00a0 \u00a0 \u00a0 \u00a0 2. Vorsitzender<\/span><\/li>\n<\/ol>\n","protected":false},"excerpt":{"rendered":"<p>BVB Fanclub Salzbergen e.V. \u00a0 \u00a0 \u00a0 \u00a0 \u00a0 \u00a0 S A T Z U N G 1 \u00a0 Name und Sitz Der Fanclub f\u00fchrt den Namen \u201eBVB Fanclub Salzbergen\u201c. [&hellip;]<\/p>\n","protected":false},"author":2,"featured_media":0,"parent":19,"menu_order":3,"comment_status":"closed","ping_status":"closed","template":"","meta":{"jetpack_post_was_ever_published":false,"footnotes":""},"class_list":["post-72","page","type-page","status-publish","hentry","clearfix"],"jetpack_sharing_enabled":true,"jetpack_shortlink":"https:\/\/wp.me\/P7lj6g-1a","_links":{"self":[{"href":"https:\/\/bvbsalzbergen.de\/index.php?rest_route=\/wp\/v2\/pages\/72","targetHints":{"allow":["GET"]}}],"collection":[{"href":"https:\/\/bvbsalzbergen.de\/index.php?rest_route=\/wp\/v2\/pages"}],"about":[{"href":"https:\/\/bvbsalzbergen.de\/index.php?rest_route=\/wp\/v2\/types\/page"}],"author":[{"embeddable":true,"href":"https:\/\/bvbsalzbergen.de\/index.php?rest_route=\/wp\/v2\/users\/2"}],"replies":[{"embeddable":true,"href":"https:\/\/bvbsalzbergen.de\/index.php?rest_route=%2Fwp%2Fv2%2Fcomments&post=72"}],"version-history":[{"count":3,"href":"https:\/\/bvbsalzbergen.de\/index.php?rest_route=\/wp\/v2\/pages\/72\/revisions"}],"predecessor-version":[{"id":1394,"href":"https:\/\/bvbsalzbergen.de\/index.php?rest_route=\/wp\/v2\/pages\/72\/revisions\/1394"}],"up":[{"embeddable":true,"href":"https:\/\/bvbsalzbergen.de\/index.php?rest_route=\/wp\/v2\/pages\/19"}],"wp:attachment":[{"href":"https:\/\/bvbsalzbergen.de\/index.php?rest_route=%2Fwp%2Fv2%2Fmedia&parent=72"}],"curies":[{"name":"wp","href":"https:\/\/api.w.org\/{rel}","templated":true}]}}